{"id":1595,"date":"2021-07-16T10:33:36","date_gmt":"2021-07-16T08:33:36","guid":{"rendered":"http:\/\/anonianzou.com\/?page_id=1595"},"modified":"2021-07-16T10:38:30","modified_gmt":"2021-07-16T08:38:30","slug":"qui-sommes-nous","status":"publish","type":"page","link":"https:\/\/anonianzou.com\/index.php\/qui-sommes-nous\/","title":{"rendered":"Qui sommes nous"},"content":{"rendered":"\n<h1 class=\"wp-block-heading\">AN&amp;TE-COM: Qui sommes-nous ? Des questions ? Contactez-nous<\/h1>\n\n\n\n<p>AN&amp;TE-COM a 25 ann\u00e9es d\u2019exp\u00e9rience en communication num\u00e9rique et notamment sur les r\u00e9seaux sociaux. D\u2019ann\u00e9es en ann\u00e9es AN&amp;TE-COM suit l\u2019\u00e9volution du secteur. AN&amp;TE-COM a pris de l\u2019avance. AN&amp;TE-COM a une ma\u00eetrise de son utilisation, de sa production et de sa mise en \u0153uvre: Sant\u00e9, Commerce, Politique, Editions<\/p>\n\n\n\n<p>AN&amp;TE-COM con\u00e7oit vos spots vid\u00e9os. R\u00e9alise vos publi-r\u00e9dactionnels. Produit vos revues promotionnelles. AN&amp;TE-COM assure votre pr\u00e9sence permanente et en temps r\u00e9el sur les r\u00e9seaux sociaux . Intervient dans l\u2019impression de vos livres en rapport avec de grandes et prestigieuses imprimeries. DEMANDEZ UN DEVIS.<\/p>\n\n\n\n<p>AN&amp;TE-com : CONTACT 00 225 07 08 42 78 48<\/p>\n","protected":false},"excerpt":{"rendered":"<p>AN&amp;TE-COM: Qui sommes-nous ? Des questions ? Contactez-nous AN&amp;TE-COM a 25 ann\u00e9es d\u2019exp\u00e9rience en communication num\u00e9rique et notamment sur les r\u00e9seaux sociaux. D\u2019ann\u00e9es en ann\u00e9es AN&amp;TE-COM suit l\u2019\u00e9volution du secteur. AN&amp;TE-COM a pris de l\u2019avance. AN&amp;TE-COM a une ma\u00eetrise de son utilisation, de sa production et de sa mise en \u0153uvre: Sant\u00e9, Commerce, Politique, Editions &hellip; <\/p>\n<p class=\"link-more\"><a href=\"https:\/\/anonianzou.com\/index.php\/qui-sommes-nous\/\" class=\"more-link\">Continue reading<span class=\"screen-reader-text\"> &#8220;Qui sommes nous&#8221;<\/span><\/a><\/p>\n","protected":false},"author":1,"featured_media":0,"parent":0,"menu_order":0,"comment_status":"closed","ping_status":"closed","template":"","meta":{"_monsterinsights_skip_tracking":false,"_monsterinsights_sitenote_active":false,"_monsterinsights_sitenote_note":"","_monsterinsights_sitenote_category":0,"ngg_post_thumbnail":0,"footnotes":""},"class_list":["post-1595","page","type-page","status-publish","hentry"],"_links":{"self":[{"href":"https:\/\/anonianzou.com\/index.php\/wp-json\/wp\/v2\/pages\/1595","targetHints":{"allow":["GET"]}}],"collection":[{"href":"https:\/\/anonianzou.com\/index.php\/wp-json\/wp\/v2\/pages"}],"about":[{"href":"https:\/\/anonianzou.com\/index.php\/wp-json\/wp\/v2\/types\/page"}],"author":[{"embeddable":true,"href":"https:\/\/anonianzou.com\/index.php\/wp-json\/wp\/v2\/users\/1"}],"replies":[{"embeddable":true,"href":"https:\/\/anonianzou.com\/index.php\/wp-json\/wp\/v2\/comments?post=1595"}],"version-history":[{"count":2,"href":"https:\/\/anonianzou.com\/index.php\/wp-json\/wp\/v2\/pages\/1595\/revisions"}],"predecessor-version":[{"id":1598,"href":"https:\/\/anonianzou.com\/index.php\/wp-json\/wp\/v2\/pages\/1595\/revisions\/1598"}],"wp:attachment":[{"href":"https:\/\/anonianzou.com\/index.php\/wp-json\/wp\/v2\/media?parent=1595"}],"curies":[{"name":"wp","href":"https:\/\/api.w.org\/{rel}","templated":true}]}}